{"id":1148,"date":"2025-01-15T11:11:28","date_gmt":"2025-01-15T11:11:28","guid":{"rendered":"https:\/\/www.aiguesmineralsdecatalunya.org\/?page_id=1148"},"modified":"2025-07-14T12:55:51","modified_gmt":"2025-07-14T12:55:51","slug":"politicas-de-privacidad","status":"publish","type":"page","link":"https:\/\/www.aiguesmineralsdecatalunya.org\/ca\/politicas-de-privacidad\/","title":{"rendered":"Pol\u00edticas de privacidad"},"content":{"rendered":"<div data-elementor-type=\"wp-page\" data-elementor-id=\"1148\" class=\"elementor elementor-1148\" data-elementor-post-type=\"page\">\n\t\t\t\t<div class=\"elementor-element elementor-element-98bc8f4 e-flex e-con-boxed e-con e-parent\" data-id=\"98bc8f4\" data-element_type=\"container\" data-e-type=\"container\">\n\t\t\t\t\t<div class=\"e-con-inner\">\n\t\t\t\t<div class=\"elementor-element elementor-element-89e6714 elementor-widget elementor-widget-text-editor\" data-id=\"89e6714\" data-element_type=\"widget\" data-e-type=\"widget\" data-widget_type=\"text-editor.default\">\n\t\t\t\t<div class=\"elementor-widget-container\">\n\t\t\t\t\t\t\t\t\t<h1>Pol\u00edtica de Privacidad WEB.<\/h1><p>Seg\u00fan lo establecido en el RGPD (Reglamento (UE) 2016\/679), les proporcionamos la Informaci\u00f3n Detallada de Protecci\u00f3n de Datos que se expone a continuaci\u00f3n:<\/p><p><strong>Responsable:<\/strong><\/p><p><strong>Raz\u00f3n Social:<\/strong> Associaci\u00f3 Catalana d\u2019Envasadors d\u2019Aigua<br \/><strong>C.I.F.:<\/strong> G08757924.<br \/><strong>Direcci\u00f3n:<\/strong> C\/ Mallorca, 286, Bajos 1\u00aa, 08037 &#8211; Barcelona.<br \/><strong>Correo Electr\u00f3nico<\/strong> acea@aiguesmineralsdecatalunya.org<\/p><h2>Finalidad:<\/h2><p>Le informamos que los Datos de Car\u00e1cter Personal recogidos, ser\u00e1n incorporados a un Fichero bajo nuestra responsabilidad, con la finalidad de gestionar el env\u00edo de la informaci\u00f3n que nos soliciten y facilitar a los interesados ofertas de productos y servicios de su inter\u00e9s. Los datos proporcionados se conservar\u00e1n mientras se mantenga la relaci\u00f3n comercial, durante los a\u00f1os necesarios para cumplir con las obligaciones legales o se solicite su supresi\u00f3n por el interesado.<\/p><h2>Legitimaci\u00f3n:<\/h2><p>Los Datos de Car\u00e1cter Personal obtenidos en esta P\u00e1gina Web, as\u00ed como la oferta de productos y servicios ofrecidos, \u00a0est\u00e1\u00a0 basada en el consentimiento que se le solicita al interesado.<\/p><p>El interesado tendr\u00e1 derecho a retirar su consentimiento en cualquier momento. La retirada del consentimiento no afectar\u00e1 a la licitud del tratamiento basada en el consentimiento previo a su retirada.<\/p><h2>Destinatarios:<\/h2><p>No se ceder\u00e1n datos a terceros, salvo obligaci\u00f3n legal.<\/p><h2>Derechos:<\/h2><p>Usted como interesado directo, tiene derecho a obtener confirmaci\u00f3n sobre si en Associaci\u00f3 Catalana d\u2019Envasadors d\u2019Aigua estamos tratando datos personales que le conciernen, o no. Usted tiene derecho a acceder a sus datos personales, as\u00ed como a solicitar la rectificaci\u00f3n de los datos inexactos o, en su caso, solicitar su supresi\u00f3n cuando, entre otros motivos, los datos ya no sean necesarios para los fines que fueron recogidos.<\/p><p>En determinadas circunstancias, usted podr\u00e1 solicitar la limitaci\u00f3n del tratamiento de sus datos, en cuyo caso \u00fanicamente los conservaremos para el ejercicio o la defensa de reclamaciones.<\/p><p>En determinadas circunstancias y por motivos relacionados con su situaci\u00f3n particular, usted podr\u00e1 oponerse al tratamiento de sus datos. Associaci\u00f3 Catalana d\u2019Envasadors d\u2019Aigua dejar\u00e1 de tratar los datos, salvo por motivos leg\u00edtimos imperiosos, o el ejercicio o la defensa de posibles reclamaciones.<\/p><p>En determinadas circunstancias, usted tendr\u00e1 derecho a recibir los datos personales que le incumban y que nos haya facilitado, y transmitirlos o solicitar que se los proporcionemos a un tercero sin objeci\u00f3n por nuestra parte (derecho a la portabilidad de datos).<\/p><p>En determinadas circunstancias, le informamos que tendr\u00e1 derecho a no ser objeto de un decisi\u00f3n basada \u00fanicamente en el tratamiento automatizado, incluida la elaboraci\u00f3n de perfiles, que produzca efectos jur\u00eddicos sobre usted o le afecte significativamente de modo similar.<\/p>\t\t\t\t\t\t\t\t<\/div>\n\t\t\t\t<\/div>\n\t\t\t\t\t<\/div>\n\t\t\t\t<\/div>\n\t\t\t\t<\/div>","protected":false},"excerpt":{"rendered":"<p>Pol\u00edtica de Privacidad WEB. Seg\u00fan lo establecido en el RGPD (Reglamento (UE) 2016\/679), les proporcionamos la Informaci\u00f3n Detallada de Protecci\u00f3n de Datos que se expone a continuaci\u00f3n: Responsable: Raz\u00f3n Social: Associaci\u00f3 Catalana d\u2019Envasadors d\u2019AiguaC.I.F.: G08757924.Direcci\u00f3n: C\/ Mallorca, 286, Bajos 1\u00aa, 08037 &#8211; Barcelona.Correo Electr\u00f3nico acea@aiguesmineralsdecatalunya.org Finalidad: Le informamos que los Datos de Car\u00e1cter Personal recogidos, [&hellip;]<\/p>\n","protected":false},"author":4,"featured_media":0,"parent":0,"menu_order":0,"comment_status":"closed","ping_status":"closed","template":"","meta":{"_acf_changed":false,"footnotes":""},"class_list":["post-1148","page","type-page","status-publish","hentry"],"acf":[],"_links":{"self":[{"href":"https:\/\/www.aiguesmineralsdecatalunya.org\/ca\/wp-json\/wp\/v2\/pages\/1148","targetHints":{"allow":["GET"]}}],"collection":[{"href":"https:\/\/www.aiguesmineralsdecatalunya.org\/ca\/wp-json\/wp\/v2\/pages"}],"about":[{"href":"https:\/\/www.aiguesmineralsdecatalunya.org\/ca\/wp-json\/wp\/v2\/types\/page"}],"author":[{"embeddable":true,"href":"https:\/\/www.aiguesmineralsdecatalunya.org\/ca\/wp-json\/wp\/v2\/users\/4"}],"replies":[{"embeddable":true,"href":"https:\/\/www.aiguesmineralsdecatalunya.org\/ca\/wp-json\/wp\/v2\/comments?post=1148"}],"version-history":[{"count":25,"href":"https:\/\/www.aiguesmineralsdecatalunya.org\/ca\/wp-json\/wp\/v2\/pages\/1148\/revisions"}],"predecessor-version":[{"id":1437,"href":"https:\/\/www.aiguesmineralsdecatalunya.org\/ca\/wp-json\/wp\/v2\/pages\/1148\/revisions\/1437"}],"wp:attachment":[{"href":"https:\/\/www.aiguesmineralsdecatalunya.org\/ca\/wp-json\/wp\/v2\/media?parent=1148"}],"curies":[{"name":"wp","href":"https:\/\/api.w.org\/{rel}","templated":true}]}}