{"id":13,"date":"2024-06-14T09:54:10","date_gmt":"2024-06-14T09:54:10","guid":{"rendered":"https:\/\/www.aiguesmineralsdecatalunya.org\/?page_id=13"},"modified":"2025-05-16T11:52:16","modified_gmt":"2025-05-16T11:52:16","slug":"inicio","status":"publish","type":"page","link":"https:\/\/www.aiguesmineralsdecatalunya.org\/ca\/","title":{"rendered":"Inicio"},"content":{"rendered":"\t\t<div data-elementor-type=\"wp-page\" data-elementor-id=\"13\" class=\"elementor elementor-13\" data-elementor-post-type=\"page\">\n\t\t\t\t<div class=\"elementor-element elementor-element-bf15b47 e-con-full e-flex e-con e-parent\" data-id=\"bf15b47\" data-element_type=\"container\" data-e-type=\"container\" data-settings=\"{&quot;background_background&quot;:&quot;classic&quot;}\">\n\t\t<div class=\"elementor-element elementor-element-3b4550c1 e-con-full e-flex e-con e-child\" data-id=\"3b4550c1\" data-element_type=\"container\" data-e-type=\"container\" data-settings=\"{&quot;background_background&quot;:&quot;classic&quot;}\">\n\t\t<div class=\"elementor-element elementor-element-09b2eb5 e-con-full e-flex elementor-invisible e-con e-child\" data-id=\"09b2eb5\" data-element_type=\"container\" data-e-type=\"container\" data-settings=\"{&quot;animation&quot;:&quot;fadeInUp&quot;,&quot;animation_delay&quot;:&quot;200&quot;,&quot;background_background&quot;:&quot;classic&quot;}\">\n\t\t\t\t<div class=\"elementor-element elementor-element-813a3da elementor-widget elementor-widget-heading\" data-id=\"813a3da\" data-element_type=\"widget\" data-e-type=\"widget\" data-widget_type=\"heading.default\">\n\t\t\t\t<div class=\"elementor-widget-container\">\n\t\t\t\t\t<h1 class=\"elementor-heading-title elementor-size-default\">Asociaci\u00f3n Catalana de\n\nEnvasadores de Agua<\/h1>\t\t\t\t<\/div>\n\t\t\t\t<\/div>\n\t\t\t\t<div class=\"elementor-element elementor-element-015a331 elementor-widget elementor-widget-heading\" data-id=\"015a331\" data-element_type=\"widget\" data-e-type=\"widget\" data-widget_type=\"heading.default\">\n\t\t\t\t<div class=\"elementor-widget-container\">\n\t\t\t\t\t<p class=\"elementor-heading-title elementor-size-default\">La Asociaci\u00f3n Catalana de Envasadores de Agua (ACEA) es una organizaci\u00f3n empresarial fundada en 1978 que agrupa y representa a gran parte del mercado de aguas envasadas en Catalu\u00f1a.<\/p>\t\t\t\t<\/div>\n\t\t\t\t<\/div>\n\t\t\t\t<div class=\"elementor-element elementor-element-bd28827 elementor-widget elementor-widget-button\" data-id=\"bd28827\" data-element_type=\"widget\" data-e-type=\"widget\" data-widget_type=\"button.default\">\n\t\t\t\t<div class=\"elementor-widget-container\">\n\t\t\t\t\t\t\t\t\t<div class=\"elementor-button-wrapper\">\n\t\t\t\t\t<a class=\"elementor-button elementor-button-link elementor-size-sm\" href=\"https:\/\/www.aiguesmineralsdecatalunya.org\/la-asociacion\/\">\n\t\t\t\t\t\t<span class=\"elementor-button-content-wrapper\">\n\t\t\t\t\t\t\t\t\t<span class=\"elementor-button-text\">La asociaci\u00f3n<\/span>\n\t\t\t\t\t<\/span>\n\t\t\t\t\t<\/a>\n\t\t\t\t<\/div>\n\t\t\t\t\t\t\t\t<\/div>\n\t\t\t\t<\/div>\n\t\t\t\t<\/div>\n\t\t\t\t<\/div>\n\t\t\t\t<\/div>\n\t\t<div class=\"elementor-element elementor-element-e1c5835 e-flex e-con-boxed e-con e-parent\" data-id=\"e1c5835\" data-element_type=\"container\" data-e-type=\"container\" data-settings=\"{&quot;background_background&quot;:&quot;classic&quot;}\">\n\t\t\t\t\t<div class=\"e-con-inner\">\n\t\t\t\t<div class=\"elementor-element elementor-element-651cee4 elementor-widget elementor-widget-heading\" data-id=\"651cee4\" data-element_type=\"widget\" data-e-type=\"widget\" data-widget_type=\"heading.default\">\n\t\t\t\t<div class=\"elementor-widget-container\">\n\t\t\t\t\t<h2 class=\"elementor-heading-title elementor-size-default\">Bienvenidos<\/h2>\t\t\t\t<\/div>\n\t\t\t\t<\/div>\n\t\t\t\t\t<\/div>\n\t\t\t\t<\/div>\n\t\t<div class=\"elementor-element elementor-element-6d934802 e-flex e-con-boxed e-con e-parent\" data-id=\"6d934802\" data-element_type=\"container\" data-e-type=\"container\" data-settings=\"{&quot;background_background&quot;:&quot;classic&quot;}\">\n\t\t\t\t\t<div class=\"e-con-inner\">\n\t\t<div class=\"elementor-element elementor-element-38b5db3a e-con-full e-flex e-con e-child\" data-id=\"38b5db3a\" data-element_type=\"container\" data-e-type=\"container\">\n\t\t<div class=\"elementor-element elementor-element-22ae893c e-con-full e-flex e-con e-child\" data-id=\"22ae893c\" data-element_type=\"container\" data-e-type=\"container\">\n\t\t\t\t<div class=\"elementor-element elementor-element-4f6b7251 elementor-invisible elementor-widget elementor-widget-image\" data-id=\"4f6b7251\" data-element_type=\"widget\" data-e-type=\"widget\" data-settings=\"{&quot;motion_fx_motion_fx_scrolling&quot;:&quot;yes&quot;,&quot;motion_fx_translateY_effect&quot;:&quot;yes&quot;,&quot;motion_fx_translateY_direction&quot;:&quot;negative&quot;,&quot;motion_fx_translateY_speed&quot;:{&quot;unit&quot;:&quot;px&quot;,&quot;size&quot;:&quot;1.5&quot;,&quot;sizes&quot;:[]},&quot;motion_fx_devices&quot;:[&quot;desktop&quot;],&quot;_animation&quot;:&quot;fadeIn&quot;,&quot;_animation_delay&quot;:&quot;400&quot;,&quot;motion_fx_translateY_affectedRange&quot;:{&quot;unit&quot;:&quot;%&quot;,&quot;size&quot;:&quot;&quot;,&quot;sizes&quot;:{&quot;start&quot;:0,&quot;end&quot;:100}}}\" data-widget_type=\"image.default\">\n\t\t\t\t<div class=\"elementor-widget-container\">\n\t\t\t\t\t\t\t\t\t\t\t\t\t\t\t<img fetchpriority=\"high\" decoding=\"async\" width=\"769\" height=\"1024\" src=\"https:\/\/www.aiguesmineralsdecatalunya.org\/wp-content\/uploads\/2024\/07\/vertical-shot-of-a-lake-surrounded-by-a-forest-and-italian-dolomites-during-the-sunrise-769x1024.jpg\" class=\"elementor-animation-shrink attachment-large size-large wp-image-642\" alt=\"Vertical shot of a lake surrounded by a forest and Italian dolomites during the sunrise\" srcset=\"https:\/\/www.aiguesmineralsdecatalunya.org\/wp-content\/uploads\/2024\/07\/vertical-shot-of-a-lake-surrounded-by-a-forest-and-italian-dolomites-during-the-sunrise-769x1024.jpg 769w, https:\/\/www.aiguesmineralsdecatalunya.org\/wp-content\/uploads\/2024\/07\/vertical-shot-of-a-lake-surrounded-by-a-forest-and-italian-dolomites-during-the-sunrise-225x300.jpg 225w, https:\/\/www.aiguesmineralsdecatalunya.org\/wp-content\/uploads\/2024\/07\/vertical-shot-of-a-lake-surrounded-by-a-forest-and-italian-dolomites-during-the-sunrise-768x1023.jpg 768w, https:\/\/www.aiguesmineralsdecatalunya.org\/wp-content\/uploads\/2024\/07\/vertical-shot-of-a-lake-surrounded-by-a-forest-and-italian-dolomites-during-the-sunrise-1154x1536.jpg 1154w, https:\/\/www.aiguesmineralsdecatalunya.org\/wp-content\/uploads\/2024\/07\/vertical-shot-of-a-lake-surrounded-by-a-forest-and-italian-dolomites-during-the-sunrise-9x12.jpg 9w, https:\/\/www.aiguesmineralsdecatalunya.org\/wp-content\/uploads\/2024\/07\/vertical-shot-of-a-lake-surrounded-by-a-forest-and-italian-dolomites-during-the-sunrise.jpg 1502w\" sizes=\"(max-width: 769px) 100vw, 769px\" \/>\t\t\t\t\t\t\t\t\t\t\t\t\t\t\t<\/div>\n\t\t\t\t<\/div>\n\t\t\t\t<\/div>\n\t\t\t\t<\/div>\n\t\t<div class=\"elementor-element elementor-element-308e460f e-con-full e-flex e-con e-child\" data-id=\"308e460f\" data-element_type=\"container\" data-e-type=\"container\">\n\t\t<div class=\"elementor-element elementor-element-1a398cd3 e-con-full e-flex elementor-invisible e-con e-child\" data-id=\"1a398cd3\" data-element_type=\"container\" data-e-type=\"container\" data-settings=\"{&quot;animation&quot;:&quot;fadeIn&quot;,&quot;animation_delay&quot;:&quot;200&quot;}\">\n\t\t\t\t<div class=\"elementor-element elementor-element-7fa24a24 elementor-widget elementor-widget-heading\" data-id=\"7fa24a24\" data-element_type=\"widget\" data-e-type=\"widget\" data-widget_type=\"heading.default\">\n\t\t\t\t<div class=\"elementor-widget-container\">\n\t\t\t\t\t<h2 class=\"elementor-heading-title elementor-size-default\">EL AGUA MINERAL Y LA SEQU\u00cdA<\/h2>\t\t\t\t<\/div>\n\t\t\t\t<\/div>\n\t\t\t\t<div class=\"elementor-element elementor-element-9d51e6a elementor-widget elementor-widget-text-editor\" data-id=\"9d51e6a\" data-element_type=\"widget\" data-e-type=\"widget\" data-widget_type=\"text-editor.default\">\n\t\t\t\t<div class=\"elementor-widget-container\">\n\t\t\t\t\t\t\t\t\t<p><strong>\u00bfAfecta la sequ\u00eda a los acu\u00edferos de donde se extrae el agua mineral?<\/strong><\/p><p>No, la sequ\u00eda puntual no afecta al estado de los acu\u00edferos de donde se extrae el agua mineral. Las aguas minerales tienen un origen subterr\u00e1neo, hidrogeol\u00f3gico y normalmente muy profundo que puede llegar hasta los 400 metros. Este agua procede del agua de la lluvia y de la nieve que durante muchos a\u00f1os ha ido filtr\u00e1ndose entre las rocas y el subsuelo adquiriendo su mineralizaci\u00f3n y creando acu\u00edferos y embalses subterr\u00e1neos. Es por ello, que, los efectos meteorol\u00f3gicos puntuales como la sequ\u00eda, no influyen ni alteran apenas, el nivel de agua de los acu\u00edferos subterr\u00e1neos. El balance h\u00eddrico compensa a\u00f1os secos con a\u00f1os lluviosos.<\/p><p>El agua mineral que se extrae representa \u00fanicamente el 0,03% del total de los recursos h\u00eddricos hidrogeol\u00f3gicos existentes en el territorio, tal como se\u00f1alan los datos del Instituto Geol\u00f3gico Minero de Espa\u00f1a (IGME).<\/p>\t\t\t\t\t\t\t\t<\/div>\n\t\t\t\t<\/div>\n\t\t\t\t<div class=\"elementor-element elementor-element-5840692 elementor-widget elementor-widget-button\" data-id=\"5840692\" data-element_type=\"widget\" data-e-type=\"widget\" data-widget_type=\"button.default\">\n\t\t\t\t<div class=\"elementor-widget-container\">\n\t\t\t\t\t\t\t\t\t<div class=\"elementor-button-wrapper\">\n\t\t\t\t\t<a class=\"elementor-button elementor-button-link elementor-size-sm\" href=\"https:\/\/www.aiguesmineralsdecatalunya.org\/faqs\/\">\n\t\t\t\t\t\t<span class=\"elementor-button-content-wrapper\">\n\t\t\t\t\t\t\t\t\t<span class=\"elementor-button-text\">FAQs<\/span>\n\t\t\t\t\t<\/span>\n\t\t\t\t\t<\/a>\n\t\t\t\t<\/div>\n\t\t\t\t\t\t\t\t<\/div>\n\t\t\t\t<\/div>\n\t\t\t\t<\/div>\n\t\t\t\t<\/div>\n\t\t\t\t\t<\/div>\n\t\t\t\t<\/div>\n\t\t<div class=\"elementor-element elementor-element-e9cea02 e-flex e-con-boxed e-con e-parent\" data-id=\"e9cea02\" data-element_type=\"container\" data-e-type=\"container\" data-settings=\"{&quot;background_background&quot;:&quot;classic&quot;}\">\n\t\t\t\t\t<div class=\"e-con-inner\">\n\t\t<div class=\"elementor-element elementor-element-387e0d1 e-con-full e-flex e-con e-child\" data-id=\"387e0d1\" data-element_type=\"container\" data-e-type=\"container\">\n\t\t\t\t<div class=\"elementor-element elementor-element-9a5d8bd elementor-widget elementor-widget-heading\" data-id=\"9a5d8bd\" data-element_type=\"widget\" data-e-type=\"widget\" data-widget_type=\"heading.default\">\n\t\t\t\t<div class=\"elementor-widget-container\">\n\t\t\t\t\t<h3 class=\"elementor-heading-title elementor-size-default\">La Asociaci\u00f3n Catalana de Envasadores de Agua es una organizaci\u00f3n empresarial sin \u00e1nimo de lucro, fundada en 1978 que agrupa y representa a gran parte del mercado de las aguas envasadas de Catalu\u00f1a.<\/h3>\t\t\t\t<\/div>\n\t\t\t\t<\/div>\n\t\t\t\t<div class=\"elementor-element elementor-element-7c3659b elementor-align-center elementor-widget elementor-widget-button\" data-id=\"7c3659b\" data-element_type=\"widget\" data-e-type=\"widget\" data-widget_type=\"button.default\">\n\t\t\t\t<div class=\"elementor-widget-container\">\n\t\t\t\t\t\t\t\t\t<div class=\"elementor-button-wrapper\">\n\t\t\t\t\t<a class=\"elementor-button elementor-button-link elementor-size-sm\" href=\"https:\/\/www.aiguesmineralsdecatalunya.org\/la-asociacion\/\">\n\t\t\t\t\t\t<span class=\"elementor-button-content-wrapper\">\n\t\t\t\t\t\t\t\t\t<span class=\"elementor-button-text\">La asociaci\u00f3n<\/span>\n\t\t\t\t\t<\/span>\n\t\t\t\t\t<\/a>\n\t\t\t\t<\/div>\n\t\t\t\t\t\t\t\t<\/div>\n\t\t\t\t<\/div>\n\t\t\t\t<\/div>\n\t\t\t\t\t<\/div>\n\t\t\t\t<\/div>\n\t\t<div class=\"elementor-element elementor-element-e809c14 e-con-full elementor-hidden-desktop elementor-hidden-tablet elementor-hidden-mobile e-flex e-con e-parent\" data-id=\"e809c14\" data-element_type=\"container\" data-e-type=\"container\">\n\t\t\t\t<div class=\"elementor-element elementor-element-233b051 elementor-widget elementor-widget-template\" data-id=\"233b051\" data-element_type=\"widget\" data-e-type=\"widget\" data-widget_type=\"template.default\">\n\t\t\t\t<div class=\"elementor-widget-container\">\n\t\t\t\t\t\t\t<div class=\"elementor-template\">\n\t\t\t\t\t<div data-elementor-type=\"container\" data-elementor-id=\"504\" class=\"elementor elementor-504\" data-elementor-post-type=\"elementor_library\">\n\t\t\t\t<div class=\"elementor-element elementor-element-aa8e7c9 e-flex e-con-boxed e-con e-parent\" data-id=\"aa8e7c9\" data-element_type=\"container\" data-e-type=\"container\" data-settings=\"{&quot;background_background&quot;:&quot;classic&quot;}\">\n\t\t\t\t\t<div class=\"e-con-inner\">\n\t\t<div class=\"elementor-element elementor-element-4768c95 e-con-full e-flex elementor-invisible e-con e-child\" data-id=\"4768c95\" data-element_type=\"container\" data-e-type=\"container\" data-settings=\"{&quot;animation&quot;:&quot;fadeInUp&quot;,&quot;animation_delay&quot;:&quot;200&quot;}\">\n\t\t\t\t<div class=\"elementor-element elementor-element-29106cf6 elementor-widget elementor-widget-heading\" data-id=\"29106cf6\" data-element_type=\"widget\" data-e-type=\"widget\" data-widget_type=\"heading.default\">\n\t\t\t\t<div class=\"elementor-widget-container\">\n\t\t\t\t\t<h2 class=\"elementor-heading-title elementor-size-default\">ASOCIADOS<\/h2>\t\t\t\t<\/div>\n\t\t\t\t<\/div>\n\t\t\t\t<\/div>\n\t\t<div class=\"elementor-element elementor-element-5d3fd81d e-con-full e-flex e-con e-child\" data-id=\"5d3fd81d\" data-element_type=\"container\" data-e-type=\"container\">\n\t\t<div class=\"elementor-element elementor-element-279d20d7 e-grid e-con-full e-con e-child\" data-id=\"279d20d7\" data-element_type=\"container\" data-e-type=\"container\">\n\t\t\t\t<div class=\"elementor-element elementor-element-16a6822a elementor-widget elementor-widget-image\" data-id=\"16a6822a\" data-element_type=\"widget\" data-e-type=\"widget\" data-widget_type=\"image.default\">\n\t\t\t\t<div class=\"elementor-widget-container\">\n\t\t\t\t\t\t\t\t\t\t\t\t\t\t\t\t<a href=\"https:\/\/www.nestleaquarel.es\/\" target=\"_blank\">\n\t\t\t\t\t\t\t<img decoding=\"async\" width=\"300\" height=\"300\" src=\"https:\/\/www.aiguesmineralsdecatalunya.org\/wp-content\/uploads\/2024\/07\/logo-9.jpg\" class=\"attachment-large size-large wp-image-482\" alt=\"\" srcset=\"https:\/\/www.aiguesmineralsdecatalunya.org\/wp-content\/uploads\/2024\/07\/logo-9.jpg 300w, https:\/\/www.aiguesmineralsdecatalunya.org\/wp-content\/uploads\/2024\/07\/logo-9-150x150.jpg 150w, https:\/\/www.aiguesmineralsdecatalunya.org\/wp-content\/uploads\/2024\/07\/logo-9-12x12.jpg 12w\" sizes=\"(max-width: 300px) 100vw, 300px\" \/>\t\t\t\t\t\t\t\t<\/a>\n\t\t\t\t\t\t\t\t\t\t\t\t\t\t\t<\/div>\n\t\t\t\t<\/div>\n\t\t\t\t<div class=\"elementor-element elementor-element-4833c7c3 elementor-widget elementor-widget-image\" data-id=\"4833c7c3\" data-element_type=\"widget\" data-e-type=\"widget\" data-widget_type=\"image.default\">\n\t\t\t\t<div class=\"elementor-widget-container\">\n\t\t\t\t\t\t\t\t\t\t\t\t\t\t\t\t<a href=\"https:\/\/www.santaniol.com\/\" target=\"_blank\">\n\t\t\t\t\t\t\t<img decoding=\"async\" width=\"300\" height=\"300\" src=\"https:\/\/www.aiguesmineralsdecatalunya.org\/wp-content\/uploads\/2024\/07\/logo-6.jpg\" class=\"attachment-large size-large wp-image-483\" alt=\"\" srcset=\"https:\/\/www.aiguesmineralsdecatalunya.org\/wp-content\/uploads\/2024\/07\/logo-6.jpg 300w, https:\/\/www.aiguesmineralsdecatalunya.org\/wp-content\/uploads\/2024\/07\/logo-6-150x150.jpg 150w, https:\/\/www.aiguesmineralsdecatalunya.org\/wp-content\/uploads\/2024\/07\/logo-6-12x12.jpg 12w\" sizes=\"(max-width: 300px) 100vw, 300px\" \/>\t\t\t\t\t\t\t\t<\/a>\n\t\t\t\t\t\t\t\t\t\t\t\t\t\t\t<\/div>\n\t\t\t\t<\/div>\n\t\t\t\t<div class=\"elementor-element elementor-element-50e16aef elementor-widget elementor-widget-image\" data-id=\"50e16aef\" data-element_type=\"widget\" data-e-type=\"widget\" data-widget_type=\"image.default\">\n\t\t\t\t<div class=\"elementor-widget-container\">\n\t\t\t\t\t\t\t\t\t\t\t\t\t\t\t\t<a href=\"https:\/\/fontnova.com\/\" target=\"_blank\">\n\t\t\t\t\t\t\t<img loading=\"lazy\" decoding=\"async\" width=\"800\" height=\"800\" src=\"https:\/\/www.aiguesmineralsdecatalunya.org\/wp-content\/uploads\/2024\/07\/logo-santes-creus-3-1024x1024.jpg\" class=\"attachment-large size-large wp-image-1493\" alt=\"\" srcset=\"https:\/\/www.aiguesmineralsdecatalunya.org\/wp-content\/uploads\/2024\/07\/logo-santes-creus-3-1024x1024.jpg 1024w, https:\/\/www.aiguesmineralsdecatalunya.org\/wp-content\/uploads\/2024\/07\/logo-santes-creus-3-300x300.jpg 300w, https:\/\/www.aiguesmineralsdecatalunya.org\/wp-content\/uploads\/2024\/07\/logo-santes-creus-3-150x150.jpg 150w, https:\/\/www.aiguesmineralsdecatalunya.org\/wp-content\/uploads\/2024\/07\/logo-santes-creus-3-768x768.jpg 768w, https:\/\/www.aiguesmineralsdecatalunya.org\/wp-content\/uploads\/2024\/07\/logo-santes-creus-3-12x12.jpg 12w, https:\/\/www.aiguesmineralsdecatalunya.org\/wp-content\/uploads\/2024\/07\/logo-santes-creus-3.jpg 1029w\" sizes=\"(max-width: 800px) 100vw, 800px\" \/>\t\t\t\t\t\t\t\t<\/a>\n\t\t\t\t\t\t\t\t\t\t\t\t\t\t\t<\/div>\n\t\t\t\t<\/div>\n\t\t\t\t<div class=\"elementor-element elementor-element-20719719 elementor-widget elementor-widget-image\" data-id=\"20719719\" data-element_type=\"widget\" data-e-type=\"widget\" data-widget_type=\"image.default\">\n\t\t\t\t<div class=\"elementor-widget-container\">\n\t\t\t\t\t\t\t\t\t\t\t\t\t\t\t\t<a href=\"https:\/\/fontvella.danone.es\/\" target=\"_blank\">\n\t\t\t\t\t\t\t<img loading=\"lazy\" decoding=\"async\" width=\"300\" height=\"300\" src=\"https:\/\/www.aiguesmineralsdecatalunya.org\/wp-content\/uploads\/2024\/07\/logo-8.jpg\" class=\"attachment-large size-large wp-image-485\" alt=\"\" srcset=\"https:\/\/www.aiguesmineralsdecatalunya.org\/wp-content\/uploads\/2024\/07\/logo-8.jpg 300w, https:\/\/www.aiguesmineralsdecatalunya.org\/wp-content\/uploads\/2024\/07\/logo-8-150x150.jpg 150w, https:\/\/www.aiguesmineralsdecatalunya.org\/wp-content\/uploads\/2024\/07\/logo-8-12x12.jpg 12w\" sizes=\"(max-width: 300px) 100vw, 300px\" \/>\t\t\t\t\t\t\t\t<\/a>\n\t\t\t\t\t\t\t\t\t\t\t\t\t\t\t<\/div>\n\t\t\t\t<\/div>\n\t\t\t\t<div class=\"elementor-element elementor-element-753f0916 elementor-widget elementor-widget-image\" data-id=\"753f0916\" data-element_type=\"widget\" data-e-type=\"widget\" data-widget_type=\"image.default\">\n\t\t\t\t<div class=\"elementor-widget-container\">\n\t\t\t\t\t\t\t\t\t\t\t\t\t\t\t\t<a href=\"https:\/\/www.aguadecaldesdeboi.com\/fontboix\/index.html\" target=\"_blank\">\n\t\t\t\t\t\t\t<img loading=\"lazy\" decoding=\"async\" width=\"300\" height=\"300\" src=\"https:\/\/www.aiguesmineralsdecatalunya.org\/wp-content\/uploads\/2024\/07\/logo-5.jpg\" class=\"attachment-large size-large wp-image-486\" alt=\"\" srcset=\"https:\/\/www.aiguesmineralsdecatalunya.org\/wp-content\/uploads\/2024\/07\/logo-5.jpg 300w, https:\/\/www.aiguesmineralsdecatalunya.org\/wp-content\/uploads\/2024\/07\/logo-5-150x150.jpg 150w, https:\/\/www.aiguesmineralsdecatalunya.org\/wp-content\/uploads\/2024\/07\/logo-5-12x12.jpg 12w\" sizes=\"(max-width: 300px) 100vw, 300px\" \/>\t\t\t\t\t\t\t\t<\/a>\n\t\t\t\t\t\t\t\t\t\t\t\t\t\t\t<\/div>\n\t\t\t\t<\/div>\n\t\t\t\t<div class=\"elementor-element elementor-element-73133a57 elementor-widget elementor-widget-image\" data-id=\"73133a57\" data-element_type=\"widget\" data-e-type=\"widget\" data-widget_type=\"image.default\">\n\t\t\t\t<div class=\"elementor-widget-container\">\n\t\t\t\t\t\t\t\t\t\t\t\t\t\t\t\t<a href=\"https:\/\/fontseny.com\/\" target=\"_blank\">\n\t\t\t\t\t\t\t<img loading=\"lazy\" decoding=\"async\" width=\"300\" height=\"300\" src=\"https:\/\/www.aiguesmineralsdecatalunya.org\/wp-content\/uploads\/2024\/07\/logo-2.jpg\" class=\"attachment-large size-large wp-image-487\" alt=\"\" srcset=\"https:\/\/www.aiguesmineralsdecatalunya.org\/wp-content\/uploads\/2024\/07\/logo-2.jpg 300w, https:\/\/www.aiguesmineralsdecatalunya.org\/wp-content\/uploads\/2024\/07\/logo-2-150x150.jpg 150w, https:\/\/www.aiguesmineralsdecatalunya.org\/wp-content\/uploads\/2024\/07\/logo-2-12x12.jpg 12w\" sizes=\"(max-width: 300px) 100vw, 300px\" \/>\t\t\t\t\t\t\t\t<\/a>\n\t\t\t\t\t\t\t\t\t\t\t\t\t\t\t<\/div>\n\t\t\t\t<\/div>\n\t\t\t\t<div class=\"elementor-element elementor-element-2dcf562b elementor-widget elementor-widget-image\" data-id=\"2dcf562b\" data-element_type=\"widget\" data-e-type=\"widget\" data-widget_type=\"image.default\">\n\t\t\t\t<div class=\"elementor-widget-container\">\n\t\t\t\t\t\t\t\t\t\t\t\t\t\t\t\t<a href=\"https:\/\/sannarciso.com\/\" target=\"_blank\">\n\t\t\t\t\t\t\t<img loading=\"lazy\" decoding=\"async\" width=\"300\" height=\"300\" src=\"https:\/\/www.aiguesmineralsdecatalunya.org\/wp-content\/uploads\/2024\/07\/logo-10.jpg\" class=\"attachment-large size-large wp-image-488\" alt=\"\" srcset=\"https:\/\/www.aiguesmineralsdecatalunya.org\/wp-content\/uploads\/2024\/07\/logo-10.jpg 300w, https:\/\/www.aiguesmineralsdecatalunya.org\/wp-content\/uploads\/2024\/07\/logo-10-150x150.jpg 150w, https:\/\/www.aiguesmineralsdecatalunya.org\/wp-content\/uploads\/2024\/07\/logo-10-12x12.jpg 12w\" sizes=\"(max-width: 300px) 100vw, 300px\" \/>\t\t\t\t\t\t\t\t<\/a>\n\t\t\t\t\t\t\t\t\t\t\t\t\t\t\t<\/div>\n\t\t\t\t<\/div>\n\t\t\t\t<div class=\"elementor-element elementor-element-44ce4c10 elementor-widget elementor-widget-image\" data-id=\"44ce4c10\" data-element_type=\"widget\" data-e-type=\"widget\" data-widget_type=\"image.default\">\n\t\t\t\t<div class=\"elementor-widget-container\">\n\t\t\t\t\t\t\t\t\t\t\t\t\t\t\t\t<a href=\"https:\/\/www.aiguaderibes.com\/\" target=\"_blank\">\n\t\t\t\t\t\t\t<img loading=\"lazy\" decoding=\"async\" width=\"300\" height=\"300\" src=\"https:\/\/www.aiguesmineralsdecatalunya.org\/wp-content\/uploads\/2024\/07\/logo-7.jpg\" class=\"attachment-large size-large wp-image-489\" alt=\"\" srcset=\"https:\/\/www.aiguesmineralsdecatalunya.org\/wp-content\/uploads\/2024\/07\/logo-7.jpg 300w, https:\/\/www.aiguesmineralsdecatalunya.org\/wp-content\/uploads\/2024\/07\/logo-7-150x150.jpg 150w, https:\/\/www.aiguesmineralsdecatalunya.org\/wp-content\/uploads\/2024\/07\/logo-7-12x12.jpg 12w\" sizes=\"(max-width: 300px) 100vw, 300px\" \/>\t\t\t\t\t\t\t\t<\/a>\n\t\t\t\t\t\t\t\t\t\t\t\t\t\t\t<\/div>\n\t\t\t\t<\/div>\n\t\t\t\t<div class=\"elementor-element elementor-element-11a7091f elementor-widget elementor-widget-image\" data-id=\"11a7091f\" data-element_type=\"widget\" data-e-type=\"widget\" data-widget_type=\"image.default\">\n\t\t\t\t<div class=\"elementor-widget-container\">\n\t\t\t\t\t\t\t\t\t\t\t\t\t\t\t\t<a href=\"http:\/\/www.fontagudes.com\/\" target=\"_blank\">\n\t\t\t\t\t\t\t<img loading=\"lazy\" decoding=\"async\" width=\"300\" height=\"300\" src=\"https:\/\/www.aiguesmineralsdecatalunya.org\/wp-content\/uploads\/2024\/07\/logo-4.jpg\" class=\"attachment-large size-large wp-image-490\" alt=\"\" srcset=\"https:\/\/www.aiguesmineralsdecatalunya.org\/wp-content\/uploads\/2024\/07\/logo-4.jpg 300w, https:\/\/www.aiguesmineralsdecatalunya.org\/wp-content\/uploads\/2024\/07\/logo-4-150x150.jpg 150w, https:\/\/www.aiguesmineralsdecatalunya.org\/wp-content\/uploads\/2024\/07\/logo-4-12x12.jpg 12w\" sizes=\"(max-width: 300px) 100vw, 300px\" \/>\t\t\t\t\t\t\t\t<\/a>\n\t\t\t\t\t\t\t\t\t\t\t\t\t\t\t<\/div>\n\t\t\t\t<\/div>\n\t\t\t\t<div class=\"elementor-element elementor-element-7510e59d elementor-widget elementor-widget-image\" data-id=\"7510e59d\" data-element_type=\"widget\" data-e-type=\"widget\" data-widget_type=\"image.default\">\n\t\t\t\t<div class=\"elementor-widget-container\">\n\t\t\t\t\t\t\t\t\t\t\t\t\t\t\t\t<a href=\"https:\/\/www.viladrau.com\/es-es\/agua-vila\" target=\"_blank\">\n\t\t\t\t\t\t\t<img loading=\"lazy\" decoding=\"async\" width=\"300\" height=\"300\" src=\"https:\/\/www.aiguesmineralsdecatalunya.org\/wp-content\/uploads\/2024\/07\/logo-1.jpg\" class=\"attachment-large size-large wp-image-491\" alt=\"\" srcset=\"https:\/\/www.aiguesmineralsdecatalunya.org\/wp-content\/uploads\/2024\/07\/logo-1.jpg 300w, https:\/\/www.aiguesmineralsdecatalunya.org\/wp-content\/uploads\/2024\/07\/logo-1-150x150.jpg 150w, https:\/\/www.aiguesmineralsdecatalunya.org\/wp-content\/uploads\/2024\/07\/logo-1-12x12.jpg 12w\" sizes=\"(max-width: 300px) 100vw, 300px\" \/>\t\t\t\t\t\t\t\t<\/a>\n\t\t\t\t\t\t\t\t\t\t\t\t\t\t\t<\/div>\n\t\t\t\t<\/div>\n\t\t\t\t<\/div>\n\t\t\t\t<\/div>\n\t\t\t\t\t<\/div>\n\t\t\t\t<\/div>\n\t\t<div class=\"elementor-element elementor-element-2231c23 e-flex e-con-boxed e-con e-parent\" data-id=\"2231c23\" data-element_type=\"container\" data-e-type=\"container\">\n\t\t\t\t\t<div class=\"e-con-inner\">\n\t\t\t\t<div class=\"elementor-element elementor-element-4bae048 elementor-widget elementor-widget-image\" data-id=\"4bae048\" data-element_type=\"widget\" data-e-type=\"widget\" data-widget_type=\"image.default\">\n\t\t\t\t<div class=\"elementor-widget-container\">\n\t\t\t\t\t\t\t\t\t\t\t\t\t\t\t<img decoding=\"async\" src=\"https:\/\/www.aiguesmineralsdecatalunya.org\/wp-content\/plugins\/elementor\/assets\/images\/placeholder.png\" title=\"\" alt=\"\" loading=\"lazy\" \/>\t\t\t\t\t\t\t\t\t\t\t\t\t\t\t<\/div>\n\t\t\t\t<\/div>\n\t\t\t\t\t<\/div>\n\t\t\t\t<\/div>\n\t\t\t\t<\/div>\n\t\t\t\t<\/div>\n\t\t\t\t\t\t<\/div>\n\t\t\t\t<\/div>\n\t\t\t\t<\/div>\n\t\t<div class=\"elementor-element elementor-element-a1da63a e-flex e-con-boxed e-con e-parent\" data-id=\"a1da63a\" data-element_type=\"container\" data-e-type=\"container\">\n\t\t\t\t\t<div class=\"e-con-inner\">\n\t\t\t\t\t<\/div>\n\t\t\t\t<\/div>\n\t\t\t\t<\/div>\n\t\t","protected":false},"excerpt":{"rendered":"<p>Asociaci\u00f3n Catalana de Envasadores de Agua La Asociaci\u00f3n Catalana de Envasadores de Agua (ACEA) es una organizaci\u00f3n empresarial fundada en 1978 que agrupa y representa a gran parte del mercado de aguas envasadas en Catalu\u00f1a. La asociaci\u00f3n Bienvenidos EL AGUA MINERAL Y LA SEQU\u00cdA \u00bfAfecta la sequ\u00eda a los acu\u00edferos de donde se extrae el [&hellip;]<\/p>\n","protected":false},"author":1,"featured_media":0,"parent":0,"menu_order":0,"comment_status":"closed","ping_status":"closed","template":"","meta":{"_acf_changed":false,"footnotes":""},"class_list":["post-13","page","type-page","status-publish","hentry"],"acf":[],"_links":{"self":[{"href":"https:\/\/www.aiguesmineralsdecatalunya.org\/ca\/wp-json\/wp\/v2\/pages\/13","targetHints":{"allow":["GET"]}}],"collection":[{"href":"https:\/\/www.aiguesmineralsdecatalunya.org\/ca\/wp-json\/wp\/v2\/pages"}],"about":[{"href":"https:\/\/www.aiguesmineralsdecatalunya.org\/ca\/wp-json\/wp\/v2\/types\/page"}],"author":[{"embeddable":true,"href":"https:\/\/www.aiguesmineralsdecatalunya.org\/ca\/wp-json\/wp\/v2\/users\/1"}],"replies":[{"embeddable":true,"href":"https:\/\/www.aiguesmineralsdecatalunya.org\/ca\/wp-json\/wp\/v2\/comments?post=13"}],"version-history":[{"count":194,"href":"https:\/\/www.aiguesmineralsdecatalunya.org\/ca\/wp-json\/wp\/v2\/pages\/13\/revisions"}],"predecessor-version":[{"id":1448,"href":"https:\/\/www.aiguesmineralsdecatalunya.org\/ca\/wp-json\/wp\/v2\/pages\/13\/revisions\/1448"}],"wp:attachment":[{"href":"https:\/\/www.aiguesmineralsdecatalunya.org\/ca\/wp-json\/wp\/v2\/media?parent=13"}],"curies":[{"name":"wp","href":"https:\/\/api.w.org\/{rel}","templated":true}]}}