{"id":627,"date":"2024-07-11T10:23:49","date_gmt":"2024-07-11T10:23:49","guid":{"rendered":"https:\/\/www.aiguesmineralsdecatalunya.org\/?page_id=627"},"modified":"2025-07-14T12:58:28","modified_gmt":"2025-07-14T12:58:28","slug":"aviso-legal","status":"publish","type":"page","link":"https:\/\/www.aiguesmineralsdecatalunya.org\/ca\/aviso-legal\/","title":{"rendered":"Av\u00eds Legal"},"content":{"rendered":"<div data-elementor-type=\"wp-page\" data-elementor-id=\"627\" class=\"elementor elementor-627\" data-elementor-post-type=\"page\">\n\t\t\t\t<div class=\"elementor-element elementor-element-98bc8f4 e-flex e-con-boxed e-con e-parent\" data-id=\"98bc8f4\" data-element_type=\"container\" data-e-type=\"container\">\n\t\t\t\t\t<div class=\"e-con-inner\">\n\t\t\t\t<div class=\"elementor-element elementor-element-89e6714 texto-general elementor-widget elementor-widget-text-editor\" data-id=\"89e6714\" data-element_type=\"widget\" data-e-type=\"widget\" data-widget_type=\"text-editor.default\">\n\t\t\t\t<div class=\"elementor-widget-container\">\n\t\t\t\t\t\t\t\t\t<h1><u>Av\u00eds Legal<\/u><\/h1><p>En compliment amb el deure d'informaci\u00f3 recollit a l'article 10 de la Llei 34\/2002, de 11 de Juliol, de Serveis de la Societat de la Informaci\u00f3 i de Comer\u00e7 Electr\u00f2nic, els proporcionem a continuaci\u00f3 la informaci\u00f3 relativa a titular de la P\u00e0gina Web:<\/p><p class=\" translation-block\"><strong>Identificaci\u00f3:<br>Titular<\/strong>: Associaci\u00f3 Catalana d\u00b4Empreses Envasadors d\u00b4Aig\u00fces (d'ara endavant, el \u201cTitular\u201d).<br><strong>NIF\/CIF<\/strong>: <strong>G-08757924<\/strong><br><strong>Registre:<\/strong> Aut\u00f2nom, Seguretat i Salut Laboral. Departament d\u00b4Empresa i Treball de la Generalitat de Catalunya. N\u00famero de dip\u00f2sit 79000822<br>Domicili<\/strong>: C\/ Mallorca, 286, Baixos 1a, 08037 \u2013 Barcelona. <br><strong>Correu Electr\u00f2nic<\/strong>: acea@aiguesmineralsdecatalunya.org<\/p><h2><strong>Objecte:<\/strong><\/h2><p>El present Av\u00eds Legal regula l'acc\u00e9s, navegaci\u00f3 i utilitzaci\u00f3 del Lloc Web, sense perjudici que el titular es reservi el dret a modificar la presentaci\u00f3, configuraci\u00f3 i contingut del Lloc Web, aix\u00ed com les condicions requerides pel seu acc\u00e9s i \/ o utilitzaci\u00f3. L'acc\u00e9s i \/ o utilitzaci\u00f3 del Lloc Web despr\u00e9s de l'entrada en vigor de les seves modificacions o canvis suposen l'acceptaci\u00f3 dels mateixos.<\/p><p>No obstant aix\u00f2, l'acc\u00e9s i la utilitzaci\u00f3 de certs continguts i \/ o serveis pot trobar-se sotm\u00e8s a determinades condicions espec\u00edfiques.<\/p><p>A l'efecte de la interpretaci\u00f3 del present Av\u00eds Legal, s'ent\u00e9n que una persona passa a ser usu\u00e0ria (en endavant, \"Usuari\" o \"Usuaris\") en el moment en qu\u00e8 aquesta accepta el present Av\u00eds Legal i la Pol\u00edtica de Privadesa exposades al Lloc Web.<\/p><h2><strong>Responsabilitats:<\/strong><\/h2><p>El Titular no es fa responsable de la informaci\u00f3 i continguts emmagatzemats en f\u00f2rums, xarxes socials o qualsevol altre mitj\u00e0 que permeti a tercers publicar continguts de forma independent a la p\u00e0gina web del prestador.<\/p><p>No obstant aix\u00f2, tenint en compte els art. 11 i 16 de la LSSI-CE, El Titular es compromet a la retirada o si escau al bloqueig d'aquells continguts que puguin afectar o contravenir la legislaci\u00f3 nacional o internacional, drets de tercers o la moral i l'ordre p\u00fablic.<\/p><p>Tampoc l'empresa es far\u00e0 responsable dels danys i perjudicis que es produeixin per errades o males configuracions del software instal\u00b7lat a l'ordinador de l'Usuari. S'exclou tota responsabilitat per alguna incid\u00e8ncia t\u00e8cnica o errada que es produeixi quan l'Usuari es connecti a Internet. Igualment no es garanteix la inexist\u00e8ncia d'interrupcions o errors en l'acc\u00e9s a la p\u00e0gina web.<\/p><p>L'Usuari haur\u00e0 de respectar en tot moment els termes i condicions establerts en les presents condicions generals d'\u00fas del portal. De forma expressa l'Usuari manifesta que utilitzar\u00e0 el portal de forma diligent i assumint qualsevol responsabilitat que pogu\u00e9s derivar-se de l'incompliment de les normes.<\/p><p>Aix\u00ed mateix, l'usuari no podr\u00e0 utilitzar el portal per transmetre, emmagatzemar, divulgar promoure o distribuir dades o continguts que siguin portadors de virus o qualsevol altre codi inform\u00e0tic, arxius o programes dissenyats per interrompre, destruir o perjudicar el funcionament de qualsevol programa o equip inform\u00e0tic o de telecomunicacions.<\/p><h2><strong>Protecci\u00f3 de Dades Personals:<\/strong><\/h2><p>De conformitat amb el que disposa el REGLAMENT (UE) 2016\/679 DEL PARLAMENT EUROPEU I DEL CONSELL de 27 d'abril de 2016 relatiu a la protecci\u00f3 de les persones f\u00edsiques pel que fa al tractament de dades personals i a la lliure circulaci\u00f3 d'aquestes dades i pel qual es deroga la Directiva 95\/46\/CE i en la Llei Org\u00e0nica 3\/2018, de 5 de desembre, de Protecci\u00f3 de dades Personals i garantia dels drets digitals totes les dades de car\u00e0cter personal facilitades durant la utilitzaci\u00f3 del lloc web seran tractades de conformitat amb els disposat en la nostra Pol\u00edtica de Privacitat.<\/p><h2><strong>Menors d\u2019Edat:<\/strong><\/h2><p>En tot cas, queda prohibit l'acc\u00e9s i navegaci\u00f3 al Lloc Web per part dels menors de catorze (14) anys d'edat, llevat que comptin amb l'autoritzaci\u00f3 pr\u00e8via i expressa dels seus pares, tutors o representants legals, els quals seran considerats com a responsables dels actes que portin a terme els menors al seu c\u00e0rrec, d'acord amb la normativa vigent. En tot cas, es presumeix que l'acc\u00e9s realitzat per un menor al lloc web s'ha realitzat amb autoritzaci\u00f3 pr\u00e8via i expressa dels seus pares, tutors o representants legals.<\/p><h2><strong>Propietat Intel\u00b7lectual i Industrial:<\/strong><\/h2><p>En virtut del que disposen els articles 8 i 32.1, par\u00e0graf segon, de la Llei de Propietat Intel\u00b7lectual, queden expressament prohibides la reproducci\u00f3, la distribuci\u00f3 i la comunicaci\u00f3 p\u00fablica, inclosa la seva modalitat de posada a disposici\u00f3, de la totalitat o part dels continguts d'aquesta p\u00e0gina web, amb fins comercials, en qualsevol suport i per qualsevol mitj\u00e0 t\u00e8cnic, sense l'autoritzaci\u00f3 del Titular. \u00a0\u00a0<\/p><p>Tots els continguts, marques, logos, dibuixos, documentaci\u00f3, programes inform\u00e0tics o qualsevol altre element susceptible de protecci\u00f3 per la legislaci\u00f3 de propietat intel\u00b7lectual o industrial, que siguin accessibles a la web, corresponen exclusivament el titular sense que es puguin entendre cedits a l'Usuari cap dels drets d'explotaci\u00f3 reconeguts per la normativa vigent en mat\u00e8ria de propietat intel\u00b7lectual sobre els mateixos.<\/p><h2><strong>Llei Aplicable i Jurisdicci\u00f3: <\/strong><\/h2><p>Aquest Lloc Web es regeix per la legislaci\u00f3 vigent a Espanya.<\/p><p>El Titular i l'Usuari acorden sotmetre qualsevol controv\u00e8rsia que pogu\u00e9s suscitar-se de               la interpretaci\u00f3 i aplicaci\u00f3 del present Av\u00eds Legal a la jurisdicci\u00f3 dels Jutjats i Tribunals de Barcelona, amb ren\u00fancia al seu f\u00f2rum propi si n'hi hagu\u00e9s.<\/p>\t\t\t\t\t\t\t\t<\/div>\n\t\t\t\t<\/div>\n\t\t\t\t\t<\/div>\n\t\t\t\t<\/div>\n\t\t\t\t<\/div>","protected":false},"excerpt":{"rendered":"<p>Aviso legal: En cumplimiento con el deber de informaci\u00f3n recogido en art\u00edculo 10 de la Ley 34\/2002, de 11 de julio, de Servicios de la Sociedad de la Informaci\u00f3n y del Comercio Electr\u00f3nico, les proporcionamos a continuaci\u00f3n la informaci\u00f3n relativa al titular de la P\u00e1gina Web: Identificaci\u00f3n:Titular: Associaci\u00f3 Catalana d\u00b4Empreses Envasadores d\u00b4Ag\u00fces (en adelante, el [&hellip;]<\/p>\n","protected":false},"author":1,"featured_media":0,"parent":0,"menu_order":0,"comment_status":"closed","ping_status":"closed","template":"","meta":{"_acf_changed":false,"footnotes":""},"class_list":["post-627","page","type-page","status-publish","hentry"],"acf":[],"_links":{"self":[{"href":"https:\/\/www.aiguesmineralsdecatalunya.org\/ca\/wp-json\/wp\/v2\/pages\/627","targetHints":{"allow":["GET"]}}],"collection":[{"href":"https:\/\/www.aiguesmineralsdecatalunya.org\/ca\/wp-json\/wp\/v2\/pages"}],"about":[{"href":"https:\/\/www.aiguesmineralsdecatalunya.org\/ca\/wp-json\/wp\/v2\/types\/page"}],"author":[{"embeddable":true,"href":"https:\/\/www.aiguesmineralsdecatalunya.org\/ca\/wp-json\/wp\/v2\/users\/1"}],"replies":[{"embeddable":true,"href":"https:\/\/www.aiguesmineralsdecatalunya.org\/ca\/wp-json\/wp\/v2\/comments?post=627"}],"version-history":[{"count":31,"href":"https:\/\/www.aiguesmineralsdecatalunya.org\/ca\/wp-json\/wp\/v2\/pages\/627\/revisions"}],"predecessor-version":[{"id":1440,"href":"https:\/\/www.aiguesmineralsdecatalunya.org\/ca\/wp-json\/wp\/v2\/pages\/627\/revisions\/1440"}],"wp:attachment":[{"href":"https:\/\/www.aiguesmineralsdecatalunya.org\/ca\/wp-json\/wp\/v2\/media?parent=627"}],"curies":[{"name":"wp","href":"https:\/\/api.w.org\/{rel}","templated":true}]}}