{"id":635,"date":"2024-07-11T10:28:07","date_gmt":"2024-07-11T10:28:07","guid":{"rendered":"https:\/\/www.aiguesmineralsdecatalunya.org\/?page_id=635"},"modified":"2025-02-10T13:15:57","modified_gmt":"2025-02-10T13:15:57","slug":"cookies","status":"publish","type":"page","link":"https:\/\/www.aiguesmineralsdecatalunya.org\/ca\/cookies\/","title":{"rendered":"Cookies"},"content":{"rendered":"<div data-elementor-type=\"wp-page\" data-elementor-id=\"635\" class=\"elementor elementor-635\" data-elementor-post-type=\"page\">\n\t\t\t\t<div class=\"elementor-element elementor-element-98bc8f4 e-flex e-con-boxed e-con e-parent\" data-id=\"98bc8f4\" data-element_type=\"container\" data-e-type=\"container\">\n\t\t\t\t\t<div class=\"e-con-inner\">\n\t\t\t\t<div class=\"elementor-element elementor-element-89e6714 elementor-widget elementor-widget-text-editor\" data-id=\"89e6714\" data-element_type=\"widget\" data-e-type=\"widget\" data-widget_type=\"text-editor.default\">\n\t\t\t\t<div class=\"elementor-widget-container\">\n\t\t\t\t\t\t\t\t\t<p><b>Pol\u00edtica de Cookies:<\/b><\/p>\n<p><span lang=\"CA\">Des de la nostra Web volem explicar-li que s\u00f3n les Cookies, perqu\u00e8 serveixen, la finalitat de les mateixes i com pot configurar-les o deshabilitar-les.<\/span><\/p>\n<p><b><span lang=\"CA\">Qu\u00e8 \u00e9s una Cookie?<\/span><\/b><\/p>\n<p><span lang=\"CA\">Les Cookies s\u00f3n petits arxius de dades rebudes pel terminal des del lloc web visitat i s'utilitzen per a gravar unes certes interaccions de navegaci\u00f3 en un lloc web mitjan\u00e7ant l'emmagatzematge de dades que pot ser actualitzat i es recupera. Aquests arxius s'emmagatzemen a l'ordinador de l'usuari i contenen dades an\u00f2nimes que no s\u00f3n perjudicials pel sistema. S'utilitzen per a recordar les prefer\u00e8ncies de l'usuari, com per exemple l'idioma seleccionat, les dades d'acc\u00e9s o la p\u00e0gina de personalitzaci\u00f3.<\/span><\/p>\n<p><span lang=\"CA\">Les Cookies s\u00f3n segures perqu\u00e8 nom\u00e9s poden emmagatzemar la informaci\u00f3 que es va posar en el seu lloc pel navegador, la qual cosa \u00e9s informaci\u00f3 que l'usuari ha introdu\u00eft en el navegador o la que s'inclou en la sol\u00b7licitud de p\u00e0gina. No poden executar codi i no es poden utilitzar per a accedir al seu ordinador.<\/span><\/p>\n<p><b><span lang=\"CA\">Tipus de Cookies.<\/span><\/b><\/p>\n<p><b><span lang=\"CA\">En funci\u00f3 de Qui les gestioni:<\/span><\/b><\/p>\n<p><span lang=\"CA\">Cookies pr\u00f2pies: s\u00f3n les enviades i gestionades per un equip o domini del propi editor de la web que s'est\u00e0 visitant.<\/span><\/p>\n<p><span lang=\"CA\">Cookies de tercers: s\u00f3n les enviades i gestionades per un tercer que no \u00e9s el propi editor de la web, quan procedeixen d'un altre servidor. Com per exemple, les usades per xarxes socials, o per contingut extern com Google Maps.<\/span><\/p>\n<p><b><span lang=\"CA\">En funci\u00f3 de la finalitat per a la qual es tractin les dades obtingudes d'aquestes.<\/span><\/b><\/p>\n<p><span lang=\"CA\">Cookies t\u00e8cniques: permeten a l'usuari la navegaci\u00f3 a trav\u00e9s d'una p\u00e0gina web i la utilitzaci\u00f3 de les diferents opcions o serveis que en ella existeixin com, per exemple, controlar el tr\u00e0nsit, identificar la sessi\u00f3 de l'usuari, accedir a parts d'acc\u00e9s restringit, recordar els elements que integren una comanda, realitzar la sol\u00b7licitud d'inscripci\u00f3 o participaci\u00f3 en un esdeveniment, utilitzar elements de seguretat durant la navegaci\u00f3, emmagatzemar continguts per a la difusi\u00f3 de v\u00eddeos o so o compartir continguts a trav\u00e9s de xarxes socials.<\/span><\/p>\n<p><span lang=\"CA\">Cookies de personalitzaci\u00f3: S\u00f3n aquelles que li permeten accedir al servei amb unes caracter\u00edstiques predefinides en funci\u00f3 d'una s\u00e8rie de criteris, com per exemple l'idioma, el tipus de navegador a trav\u00e9s del qual s'accedeix al servei, la configuraci\u00f3 regional des d'on s'accedeix al servei, etc.<\/span><\/p>\n<p><span lang=\"CA\">Cookies d'an\u00e0lisis: S\u00f3n aquelles que ens permeten quantificar el nombre d'usuaris i aix\u00ed realitzar el mesurament i an\u00e0lisi estad\u00edstica de la utilitzaci\u00f3 que fan els usuaris dels serveis prestats i sobre la base d'aix\u00f2 tamb\u00e9 aplicar millores de disseny i velocitat.<\/span><\/p>\n<p><span lang=\"CA\">Cookies de publicitat comportamental: s\u00f3n aquelles que emmagatzemen informaci\u00f3 del comportament dels usuaris obtinguda a trav\u00e9s de l'observaci\u00f3 continuada dels seus h\u00e0bits de navegaci\u00f3, la qual cosa permet desenvolupar un perfil espec\u00edfic per a mostrar publicitat en funci\u00f3 d'aquest.<\/span><\/p>\n<p><b><span lang=\"CA\">En funci\u00f3 de la caducitat:<\/span><\/b><\/p>\n<p><span lang=\"CA\">Cookies de sessi\u00f3: s\u00f3n Cookies temporals que romanen a l'arxiu de Cookies del navegador fins que s'abandona la p\u00e0gina web. Se sol utilitzar per a analitzar pautes de tr\u00e0nsit en la web. A la llarga, aix\u00f2 permet proporcionar una millor experi\u00e8ncia per a millorar el contingut i facilitar el seu \u00fas.<\/span><\/p>\n<p><span lang=\"CA\">Cookies permanents: s\u00f3n emmagatzemades al terminal i la p\u00e0gina web les llegeix cada vegada que es realitza una nova visita. Malgrat el seu nom, una **Cookie permanent posseeix una data d'expiraci\u00f3 determinada. La Cookie\u00a0deixar\u00e0 de funcionar despr\u00e9s d'aquesta data que pot anar d'uns minuts en diversos anys. S'utilitzen, generalment, per a facilitar els diferents serveis que ofereixen les p\u00e0gines web.<\/span><\/p>\n<p><b><span lang=\"CA\">Cookies Utilitzades:<\/span><\/b><\/p>\n<p><span lang=\"CA\">Aquest portal Web utilitza Cookies que s\u00f3n estrictament indispensables per a poder utilitzar el nostre lloc web i navegar lliurement, utilitzar les \u00e0rees de seguretat, opcions personalitzades, etc. No es recullen dades personals tret que vulgui registrar-se, de manera volunt\u00e0ria amb la finalitat de realitzar compres dels productes i serveis que posem a la seva disposici\u00f3 o de rebre informaci\u00f3 sobre promocions i continguts del seu inter\u00e8s previ consentiment.<\/span><\/p>\n<p><span lang=\"CA\">No se cedeixen dades a tercers, no obstant aix\u00f2 , el nostre portal Web pot contenir enlla\u00e7os a llocs web de tercers, les pol\u00edtiques de privacitat dels quals s\u00f3n alienes a nosaltres. En accedir a tals llocs web vost\u00e8 pot decidir si accepta les seves pol\u00edtiques de privacitat i de Cookies.<\/span><\/p>\n<p><span lang=\"CA\">Tamb\u00e9 poden contenir enlla\u00e7os en Xarxes Socials (com Facebook o Twitter). El nostre Portal Web no t\u00e9 control sobre les Cookies utilitzades per aquests llocs web externs. Per a m\u00e9s detalls sobre les Cookies de xarxes socials o les de llocs web no relacionats, li recomanem que revisi les seves pr\u00f2pies pol\u00edtiques de Cookies.<\/span><\/p>\n<p><b><span lang=\"CA\">Cookies utilitzades de tercers:<\/span><\/b><\/p>\n<p><span lang=\"CA\">_ga, __utma, __utmb, __utmc, __utmz, __utmv: Cookies associades a Google *Analytics.<\/span><\/p>\n<p><span lang=\"CA\">Permeten distingir els diferents usuaris de la web. Caduquen als dos anys.<\/span><\/p>\n<p><b><span lang=\"CA\">Configurar o deshabilitar Cookies:<\/span><\/b><\/p>\n<p><span lang=\"CA\">Tots els navegadors d'Internet permeten limitar el comportament d'una *Cookie o desactivar les Cookies dins de la configuraci\u00f3 o les opcions del navegador. Els passos per a fer-ho s\u00f3n diferents per a cada navegador, trobant-se instruccions en el men\u00fa d'ajuda del seu navegador. En els seg\u00fcents enlla\u00e7os t\u00e9 a la seva disposici\u00f3 tota la informaci\u00f3 per a configurar o deshabilitar les Cookies en cada navegador:<\/span><\/p>\n<p><b><span lang=\"EN-US\">Chrome:&nbsp;<\/span><\/b><a href=\"http:\/\/support.google.com\/chrome\/bin\/answer.py?hl=es&amp;answer=95647\" target=\"_blank\" rel=\"noopener\"><span lang=\"EN-US\">http:\/\/support.google.com\/chrome\/bin\/answer.py?hl=ca&amp;*answer=95647<\/span><\/a><\/p>\n<p><b><span lang=\"EN-US\">Firefox:&nbsp;<\/span><\/b><span lang=\"EN-US\">&nbsp;<\/span><a href=\"http:\/\/support.mozilla.org\/es\/kb\/habilitar-y-deshabilitar-cookies-que-los-sitios-we\" target=\"_blank\" rel=\"noopener\"><span lang=\"EN-US\">https:\/\/support.mozilla.org\/ca\/kb\/activa-i-desactiva-les-galetes-que-les-pagines-web&nbsp;<\/span><\/a><\/p>\n<p><b><span lang=\"EN-US\">*Edge<\/span><\/b><span lang=\"EN-US\">:&nbsp;<\/span><a href=\"https:\/\/privacy.microsoft.com\/es-es\/windows-10-microsoft-edge-and-privacy\"><span lang=\"EN-US\">https:\/\/privacy.microsoft.com\/es-es\/windows-10-microsoft-edge-and-privacy<\/span><\/a><\/p>\n<p><b><span lang=\"EN-US\">Safari:&nbsp;<\/span><\/b><a href=\"https:\/\/support.apple.com\/kb\/PH21411?locale=es_ES&amp;viewlocale=es_ES\"><span lang=\"EN-US\">https:\/\/support.apple.com\/kb\/ph21411?locale=es_es&amp;*viewlocale=se_SE<\/span><\/a><\/p>\n<p><span lang=\"EN-US\">&nbsp;<\/span><\/p>\t\t\t\t\t\t\t\t<\/div>\n\t\t\t\t<\/div>\n\t\t\t\t\t<\/div>\n\t\t\t\t<\/div>\n\t\t\t\t<\/div>","protected":false},"excerpt":{"rendered":"<p>Pol\u00edtica de Cookies: Desde nuestra Web queremos explicarle que son las Cookies, porque sirven, la finalidad de las mismas y como puede configurarlas o deshabilitarlas. Qu\u00e9 es una Cookie? Las Cookies son peque\u00f1os archivos de datos recibidos por el terminal desde el sitio web visitado y se utilizan para grabar ciertas interacciones de navegaci\u00f3n en [&hellip;]<\/p>\n","protected":false},"author":1,"featured_media":0,"parent":0,"menu_order":0,"comment_status":"closed","ping_status":"closed","template":"","meta":{"_acf_changed":false,"footnotes":""},"class_list":["post-635","page","type-page","status-publish","hentry"],"acf":[],"_links":{"self":[{"href":"https:\/\/www.aiguesmineralsdecatalunya.org\/ca\/wp-json\/wp\/v2\/pages\/635","targetHints":{"allow":["GET"]}}],"collection":[{"href":"https:\/\/www.aiguesmineralsdecatalunya.org\/ca\/wp-json\/wp\/v2\/pages"}],"about":[{"href":"https:\/\/www.aiguesmineralsdecatalunya.org\/ca\/wp-json\/wp\/v2\/types\/page"}],"author":[{"embeddable":true,"href":"https:\/\/www.aiguesmineralsdecatalunya.org\/ca\/wp-json\/wp\/v2\/users\/1"}],"replies":[{"embeddable":true,"href":"https:\/\/www.aiguesmineralsdecatalunya.org\/ca\/wp-json\/wp\/v2\/comments?post=635"}],"version-history":[{"count":10,"href":"https:\/\/www.aiguesmineralsdecatalunya.org\/ca\/wp-json\/wp\/v2\/pages\/635\/revisions"}],"predecessor-version":[{"id":1211,"href":"https:\/\/www.aiguesmineralsdecatalunya.org\/ca\/wp-json\/wp\/v2\/pages\/635\/revisions\/1211"}],"wp:attachment":[{"href":"https:\/\/www.aiguesmineralsdecatalunya.org\/ca\/wp-json\/wp\/v2\/media?parent=635"}],"curies":[{"name":"wp","href":"https:\/\/api.w.org\/{rel}","templated":true}]}}